{"id":22,"date":"2020-12-06T19:24:03","date_gmt":"2020-12-06T19:24:03","guid":{"rendered":"https:\/\/albertpereira.es\/tienda\/?post_type=product&#038;p=22"},"modified":"2020-12-06T19:24:11","modified_gmt":"2020-12-06T19:24:11","slug":"fanzine-re-main","status":"publish","type":"product","link":"https:\/\/albertpereira.es\/tienda\/producto\/fanzine-re-main\/","title":{"rendered":"Fanzine Re main"},"content":{"rendered":"<p>\u201cRE MAIN\u201d parte de street de Eric Roig\u00e9 dirigida por Albert Pereira. Esta es la historia de un grupo de amigos que salieron a la calle en busca de nuevos sue\u00f1os. Cada d\u00eda una aventura, una esperanza, un objetivo, que derivar\u00eda en perseverancia, esperanza, esfuerzo, tristeza, fracaso, logro y felicidad. Este v\u00eddeo se lleva acabo en el territorio de Andorra, la Cerda\u00f1a francesa y espa\u00f1ola. Es el resultado de 4 a\u00f1os grabando aprovechando las pocas nevadas que tenemos en el territorio.<\/p>\n<p>Junto al video sale el mini Fanzine \u201cRe Main\u201d donde aparecen todas las aventuras de vividas, conocer\u00e1s aspectos personales de los riders y te pondr\u00e1s en su piel detr\u00e1s de la c\u00e1mara o delante de ella luchando por ese truco imposible. <\/p>\n","protected":false},"excerpt":{"rendered":"<p>\u201cRE MAIN\u201d parte de street de Eric Roig\u00e9 dirigida por Albert Pereira. Esta es la historia de un grupo de amigos que salieron a la calle en busca de nuevos sue\u00f1os. Cada d\u00eda una aventura, una esperanza, un objetivo, que derivar\u00eda en perseverancia, esperanza, esfuerzo, tristeza, fracaso, logro y felicidad. Este v\u00eddeo se lleva acabo [&hellip;]<\/p>\n","protected":false},"featured_media":23,"comment_status":"open","ping_status":"closed","template":"","meta":{"site-sidebar-layout":"default","site-content-layout":"default","ast-site-content-layout":"default","site-content-style":"default","site-sidebar-style":"default","ast-global-header-display":"","ast-banner-title-visibility":"","ast-main-header-display":"","ast-hfb-above-header-display":"","ast-hfb-below-header-display":"","ast-hfb-mobile-header-display":"","site-post-title":"","ast-breadcrumbs-content":"","ast-featured-img":"","footer-sml-layout":"","ast-disable-related-posts":"","theme-transparent-header-meta":"default","adv-header-id-meta":"","stick-header-meta":"","header-above-stick-meta":"","header-main-stick-meta":"","header-below-stick-meta":"","astra-migrate-meta-layouts":"default","ast-page-background-enabled":"default","ast-page-background-meta":{"desktop":{"background-color":"","background-image":"","background-repeat":"repeat","background-position":"center center","background-size":"auto","background-attachment":"scroll","background-type":"","background-media":"","overlay-type":"","overlay-color":"","overlay-opacity":"","overlay-gradient":""},"tablet":{"background-color":"","background-image":"","background-repeat":"repeat","background-position":"center center","background-size":"auto","background-attachment":"scroll","background-type":"","background-media":"","overlay-type":"","overlay-color":"","overlay-opacity":"","overlay-gradient":""},"mobile":{"background-color":"","background-image":"","background-repeat":"repeat","background-position":"center center","background-size":"auto","background-attachment":"scroll","background-type":"","background-media":"","overlay-type":"","overlay-color":"","overlay-opacity":"","overlay-gradient":""}},"ast-content-background-meta":{"desktop":{"background-color":"var(--ast-global-color-5)","background-image":"","background-repeat":"repeat","background-position":"center center","background-size":"auto","background-attachment":"scroll","background-type":"","background-media":"","overlay-type":"","overlay-color":"","overlay-opacity":"","overlay-gradient":""},"tablet":{"background-color":"var(--ast-global-color-5)","background-image":"","background-repeat":"repeat","background-position":"center center","background-size":"auto","background-attachment":"scroll","background-type":"","background-media":"","overlay-type":"","overlay-color":"","overlay-opacity":"","overlay-gradient":""},"mobile":{"background-color":"var(--ast-global-color-5)","background-image":"","background-repeat":"repeat","background-position":"center center","background-size":"auto","background-attachment":"scroll","background-type":"","background-media":"","overlay-type":"","overlay-color":"","overlay-opacity":"","overlay-gradient":""}},"_joinchat":[]},"product_brand":[],"product_cat":[16],"product_tag":[],"class_list":{"0":"post-22","1":"product","2":"type-product","3":"status-publish","4":"has-post-thumbnail","6":"product_cat-fanzines","7":"tm-no-options","8":"align-left","9":"box-shadow-0","10":"box-shadow-0-hover","11":"ast-product-gallery-layout-horizontal","12":"ast-product-tabs-layout-horizontal","14":"first","15":"instock","16":"shipping-taxable","17":"purchasable","18":"product-type-simple"},"_links":{"self":[{"href":"https:\/\/albertpereira.es\/tienda\/wp-json\/wp\/v2\/product\/22","targetHints":{"allow":["GET"]}}],"collection":[{"href":"https:\/\/albertpereira.es\/tienda\/wp-json\/wp\/v2\/product"}],"about":[{"href":"https:\/\/albertpereira.es\/tienda\/wp-json\/wp\/v2\/types\/product"}],"replies":[{"embeddable":true,"href":"https:\/\/albertpereira.es\/tienda\/wp-json\/wp\/v2\/comments?post=22"}],"wp:featuredmedia":[{"embeddable":true,"href":"https:\/\/albertpereira.es\/tienda\/wp-json\/wp\/v2\/media\/23"}],"wp:attachment":[{"href":"https:\/\/albertpereira.es\/tienda\/wp-json\/wp\/v2\/media?parent=22"}],"wp:term":[{"taxonomy":"product_brand","embeddable":true,"href":"https:\/\/albertpereira.es\/tienda\/wp-json\/wp\/v2\/product_brand?post=22"},{"taxonomy":"product_cat","embeddable":true,"href":"https:\/\/albertpereira.es\/tienda\/wp-json\/wp\/v2\/product_cat?post=22"},{"taxonomy":"product_tag","embeddable":true,"href":"https:\/\/albertpereira.es\/tienda\/wp-json\/wp\/v2\/product_tag?post=22"}],"curies":[{"name":"wp","href":"https:\/\/api.w.org\/{rel}","templated":true}]}}