{"id":916,"date":"2020-12-14T22:44:24","date_gmt":"2020-12-14T22:44:24","guid":{"rendered":"https:\/\/albertpereira.es\/tienda\/?page_id=916"},"modified":"2020-12-14T23:18:32","modified_gmt":"2020-12-14T23:18:32","slug":"aviso-legal","status":"publish","type":"page","link":"https:\/\/albertpereira.es\/tienda\/aviso-legal\/","title":{"rendered":"Aviso legal"},"content":{"rendered":"\t\t<div data-elementor-type=\"wp-page\" data-elementor-id=\"916\" class=\"elementor elementor-916\" data-elementor-post-type=\"page\">\n\t\t\t\t\t\t<section class=\"elementor-section elementor-top-section elementor-element elementor-element-a3001f3 elementor-section-boxed elementor-section-height-default elementor-section-height-default\" data-id=\"a3001f3\" data-element_type=\"section\" data-e-type=\"section\">\n\t\t\t\t\t\t<div class=\"elementor-container elementor-column-gap-default\">\n\t\t\t\t\t<div class=\"elementor-column elementor-col-100 elementor-top-column elementor-element elementor-element-db34339\" data-id=\"db34339\" data-element_type=\"column\" data-e-type=\"column\">\n\t\t\t<div class=\"elementor-widget-wrap elementor-element-populated\">\n\t\t\t\t\t\t<div class=\"elementor-element elementor-element-2d5bc77 elementor-widget elementor-widget-heading\" data-id=\"2d5bc77\" data-element_type=\"widget\" data-e-type=\"widget\" data-widget_type=\"heading.default\">\n\t\t\t\t<div class=\"elementor-widget-container\">\n\t\t\t\t\t<h1 class=\"elementor-heading-title elementor-size-default\">Aviso Legal<\/h1>\t\t\t\t<\/div>\n\t\t\t\t<\/div>\n\t\t\t\t<div class=\"elementor-element elementor-element-9dd2f4b elementor-widget elementor-widget-heading\" data-id=\"9dd2f4b\" data-element_type=\"widget\" data-e-type=\"widget\" data-widget_type=\"heading.default\">\n\t\t\t\t<div class=\"elementor-widget-container\">\n\t\t\t\t\t<p class=\"elementor-heading-title elementor-size-default\">En este p\u00e1gina encontrar\u00e1s informaci\u00f3n en relaci\u00f3n al aviso legal.<\/p>\t\t\t\t<\/div>\n\t\t\t\t<\/div>\n\t\t\t\t<div class=\"elementor-element elementor-element-77305e9 elementor-widget elementor-widget-text-editor\" data-id=\"77305e9\" data-element_type=\"widget\" data-e-type=\"widget\" data-widget_type=\"text-editor.default\">\n\t\t\t\t<div class=\"elementor-widget-container\">\n\t\t\t\t\t\t\t\t\t<header class=\"entry-header\"><h2><strong>Datos del Responsable<\/strong><\/h2><\/header><div class=\"entry-content\"><ul><li><b>Identidad del Responsable:<\/b> Albert Pereira Benavente<\/li><li><b>Nombre comercial:<\/b> Albert Pereira<\/li><li><b>NIF\/CIF:<\/b> 45856521H<\/li><li><b>Direcci\u00f3n:<\/b> C\/ avenida de berria primera n\u00ba6<\/li><li><b>Correo electr\u00f3nico:<\/b> info@albertpereira.es<\/li><\/ul><p>En este espacio, el usuario, podr\u00e1 encontrar toda la informaci\u00f3n relativa a los t\u00e9rminos y condiciones legales que definen las relaciones entre los usuarios y yo como responsable de esta web. Como usuario, es importante que conozcas estos t\u00e9rminos antes de continuar tu navegaci\u00f3n.<\/p><p>Albert Pereira como responsable de esta web, asumo el compromiso de procesar la informaci\u00f3n de mis usuarios y clientes con plenas garant\u00edas y cumplir con los requisitos nacionales y europeos que regulan la recopilaci\u00f3n y uso de los datos personales de mis usuarios.<\/p><p>Esta web, por tanto, cumple rigurosamente con La Ley Org\u00e1nica 15\/1999, de 13 de diciembre, de Protecci\u00f3n de Datos de Car\u00e1cter Personal (LOPD), y con el Real Decreto 1720\/2007, de 21 de diciembre, conocido como el Reglamento de desarrollo de la LOPD. Cumple tambi\u00e9n con el Reglamento (UE) 2016\/679 del Parlamento Europeo y del Consejo de 27 de abril de 2016 relativo a la protecci\u00f3n de las personas f\u00edsicas (RGPD), as\u00ed como con la Ley 34\/2002, de 11 de julio, de Servicios de la Sociedad de la Informaci\u00f3n y Comercio Electr\u00f3nico (LSSICE \u00f3 LSSI).<\/p><h2>Condiciones generales de uso<\/h2><p>Las presentes Condiciones Generales regulan el uso (incluyendo el mero acceso) de las p\u00e1ginas de web, integrantes del sitio web de albertpereira.es incluidos los contenidos y servicios puestos a disposici\u00f3n en ellas. Toda persona que acceda a la web,\u00a0 albertpereira.es (\u201cusuario\u201d) acepta someterse a las Condiciones Generales vigentes en cada momento del portal albertpereira.es<\/p><h2>Datos personales que recabo y c\u00f3mo lo hago<\/h2><p>Puedes leer la Pol\u00edtica de Privacidad.<\/p><h2>Compromisos y obligaciones de los usuarios<\/h2><p>El usuario queda informado, y acepta, que el acceso a la presente web no supone, en modo alguno, el inicio de una relaci\u00f3n comercial con albertpereira.es. De esta forma, el usuario se compromete a utilizar el sitio web, sus servicios y contenidos sin contravenir la legislaci\u00f3n vigente, la buena fe y el orden p\u00fablico.<\/p><p>Queda prohibido el uso de la web, con fines il\u00edcitos o lesivos, o que, de cualquier forma, puedan causar perjuicio o impedir el normal funcionamiento del sitio web. Respecto de los contenidos de esta web, se proh\u00edbe:<\/p><ul><li>Su reproducci\u00f3n, distribuci\u00f3n o modificaci\u00f3n, total o parcial, a menos que se cuente con mi autorizaci\u00f3n como leg\u00edtimo titular;<\/li><li>Cualquier vulneraci\u00f3n de los derechos del prestador o de mi como leg\u00edtimo titular;<\/li><li>Su utilizaci\u00f3n para fines comerciales o publicitarios.<\/li><\/ul><p>En la utilizaci\u00f3n de la web, albertpereira.es el usuario se compromete a no llevar a cabo <b>ninguna conducta<\/b> que pudiera da\u00f1ar la imagen, los intereses y los derechos de albertpereira.es o de terceros o que pudiera da\u00f1ar, inutilizar o sobrecargar el portal albertpereira.es o que impidiera, de cualquier forma, la normal utilizaci\u00f3n de la web.<\/p><p>No obstante, el usuario debe ser consciente de que las medidas de seguridad de los sistemas inform\u00e1ticos en Internet no son enteramente fiables y que, por tanto albertpereira.es no puede garantizar la inexistencia de malware u otros elementos que puedan producir alteraciones en los sistemas inform\u00e1ticos (software y hardware) del usuario o en sus documentos electr\u00f3nicos y ficheros contenidos en los mismos aunque pongo todos los medios necesarios y las medidas de seguridad oportunas para evitar la presencia de estos elementos da\u00f1inos.<\/p><h2>Medidas de seguridad<\/h2><p>Los datos personales comunicados por el usuario a albertpereira.es pueden ser almacenados en bases de datos automatizadas o no, cuya titularidad corresponde en exclusiva a albertpereira.es, asumiendo \u00e9sta todas las medidas de \u00edndole t\u00e9cnica, organizativa y de seguridad que garantizan la confidencialidad, integridad y calidad de la informaci\u00f3n contenida en las mismas de acuerdo con lo establecido en la normativa vigente en protecci\u00f3n de datos.La comunicaci\u00f3n entre los usuarios y albertpereira.es utiliza un canal seguro, y los datos transmitidos son cifrados gracias a protocolos a https, por tanto, garantizo las mejores condiciones de seguridad para que la confidencialidad de los usuarios est\u00e9 garantizada.<\/p><h2>Plataforma de resoluci\u00f3n de conflictos<\/h2><p>Pongo tambi\u00e9n a disposici\u00f3n de los usuarios la plataforma de resoluci\u00f3n de litigios que facilita la Comisi\u00f3n Europea y que se encuentra disponible en el siguiente enlace:\u00a0<a href=\"http:\/\/ec.europa.eu\/consumers\/odr\/\" target=\"_blank\" rel=\"noopener\">http:\/\/ec.europa.eu\/consumers\/odr\/<\/a><\/p><h2>Derechos de propiedad intelectual e industrial<\/h2><p>En virtud de lo dispuesto en los art\u00edculos 8 y 32.1, p\u00e1rrafo segundo, de la Ley de Propiedad Intelectual, quedan expresamente prohibidas la reproducci\u00f3n, la distribuci\u00f3n y la comunicaci\u00f3n p\u00fablica, incluida su modalidad de puesta a disposici\u00f3n, de la totalidad o parte de los contenidos de esta p\u00e1gina web, con fines comerciales, en cualquier soporte y por cualquier medio t\u00e9cnico, sin la autorizaci\u00f3n de albertpereira.es. El usuario se compromete a respetar los derechos de Propiedad Intelectual e Industrial titularidad de albertpereira.es.<\/p><p>El usuario conoce y acepta que la totalidad del sitio web, conteniendo sin car\u00e1cter exhaustivo el texto, software, contenidos (incluyendo estructura, selecci\u00f3n, ordenaci\u00f3n y presentaci\u00f3n de los mismos) podcast, fotograf\u00edas, material audiovisual y gr\u00e1ficos, est\u00e1 protegida por marcas, derechos de autor y otros derechos leg\u00edtimos, de acuerdo con los tratados internacionales en los que Espa\u00f1a es parte y otros derechos de propiedad y leyes de Espa\u00f1a.<\/p><p>En el caso de que un usuario o un tercero consideren que se ha producido una violaci\u00f3n de sus leg\u00edtimos derechos de propiedad intelectual por la introducci\u00f3n de un determinado contenido en la web, deber\u00e1 notificar dicha circunstancia a albertpereira.es indicando:<\/p><ul><li>Datos personales del interesado titular de los derechos presuntamente infringidos, o indicar la representaci\u00f3n con la que act\u00faa en caso de que la reclamaci\u00f3n la presente un tercero distinto del interesado.<\/li><li>Se\u00f1alar los contenidos protegidos por los derechos de propiedad intelectual y su ubicaci\u00f3n en la web, la acreditaci\u00f3n de los derechos de propiedad intelectual se\u00f1alados y declaraci\u00f3n expresa en la que el interesado se responsabiliza de la veracidad de las informaciones facilitadas en la notificaci\u00f3n.<\/li><\/ul><h2>Enlaces externos<\/h2><p>Las p\u00e1ginas de la web albertpereira.es proporciona enlaces a otros sitios web propios y contenidos que son propiedad de terceros tales como:<\/p><ul><li>Enlaces de afiliados<\/li><li>Herramientas<\/li><li>Recursos<\/li><li>Contenido de otros blogs<\/li><\/ul><h2>Exclusi\u00f3n de garant\u00edas y responsable<\/h2><p><b>Albertpereira.es no otorga ninguna garant\u00eda ni se hace responsable, en ning\u00fan caso, de los da\u00f1os y perjuicios de cualquier naturaleza que pudieran traer causa de:<\/b><\/p><ul><li>La falta de disponibilidad, mantenimiento y efectivo funcionamiento de la web, o de sus servicios y contenidos;<\/li><li>La existencia de malware, programas maliciosos o lesivos en los contenidos;<\/li><li>El uso il\u00edcito, negligente, fraudulento o contrario a este Aviso Legal;<\/li><li>La falta de licitud, calidad, fiabilidad, utilidad y disponibilidad de los servicios prestados por terceros y puestos a disposici\u00f3n de los usuarios en el sitio web.<\/li><li>El prestador no se hace responsable bajo ning\u00fan concepto de los da\u00f1os que pudieran dimanar del uso ilegal o indebido de la presente p\u00e1gina web.<\/li><\/ul><h2>Ley aplicable y jurisdicci\u00f3n<\/h2><p>Con car\u00e1cter general las relaciones entre albertpereira.es con los usuarios de sus servicios telem\u00e1ticos, presentes en esta web se encuentran sometidas a la legislaci\u00f3n y jurisdicci\u00f3n espa\u00f1olas y a los tribunales de Barcelona.<\/p><h2>Contacto<\/h2><p>En caso de que cualquier usuario tuviese alguna duda acerca de estas Condiciones legales o cualquier comentario sobre el portal albertpereira.es, por favor dir\u00edjase a info@albertpereira.es.<\/p><\/div>\t\t\t\t\t\t\t\t<\/div>\n\t\t\t\t<\/div>\n\t\t\t\t\t<\/div>\n\t\t<\/div>\n\t\t\t\t\t<\/div>\n\t\t<\/section>\n\t\t\t\t<\/div>\n\t\t","protected":false},"excerpt":{"rendered":"<p>Aviso Legal En este p\u00e1gina encontrar\u00e1s informaci\u00f3n en relaci\u00f3n al aviso legal. Datos del Responsable Identidad del Responsable: Albert Pereira Benavente Nombre comercial: Albert Pereira NIF\/CIF: 45856521H Direcci\u00f3n: C\/ avenida de berria primera n\u00ba6 Correo electr\u00f3nico: info@albertpereira.es En este espacio, el usuario, podr\u00e1 encontrar toda la informaci\u00f3n relativa a los t\u00e9rminos y condiciones legales que [&hellip;]<\/p>\n","protected":false},"author":1,"featured_media":0,"parent":0,"menu_order":0,"comment_status":"closed","ping_status":"closed","template":"","meta":{"site-sidebar-layout":"no-sidebar","site-content-layout":"page-builder","ast-site-content-layout":"default","site-content-style":"default","site-sidebar-style":"default","ast-global-header-display":"","ast-banner-title-visibility":"","ast-main-header-display":"","ast-hfb-above-header-display":"","ast-hfb-below-header-display":"","ast-hfb-mobile-header-display":"","site-post-title":"disabled","ast-breadcrumbs-content":"","ast-featured-img":"disabled","footer-sml-layout":"","ast-disable-related-posts":"","theme-transparent-header-meta":"default","adv-header-id-meta":"","stick-header-meta":"","header-above-stick-meta":"","header-main-stick-meta":"","header-below-stick-meta":"","astra-migrate-meta-layouts":"default","ast-page-background-enabled":"default","ast-page-background-meta":{"desktop":{"background-color":"","background-image":"","background-repeat":"repeat","background-position":"center center","background-size":"auto","background-attachment":"scroll","background-type":"","background-media":"","overlay-type":"","overlay-color":"","overlay-opacity":"","overlay-gradient":""},"tablet":{"background-color":"","background-image":"","background-repeat":"repeat","background-position":"center center","background-size":"auto","background-attachment":"scroll","background-type":"","background-media":"","overlay-type":"","overlay-color":"","overlay-opacity":"","overlay-gradient":""},"mobile":{"background-color":"","background-image":"","background-repeat":"repeat","background-position":"center center","background-size":"auto","background-attachment":"scroll","background-type":"","background-media":"","overlay-type":"","overlay-color":"","overlay-opacity":"","overlay-gradient":""}},"ast-content-background-meta":{"desktop":{"background-color":"var(--ast-global-color-5)","background-image":"","background-repeat":"repeat","background-position":"center center","background-size":"auto","background-attachment":"scroll","background-type":"","background-media":"","overlay-type":"","overlay-color":"","overlay-opacity":"","overlay-gradient":""},"tablet":{"background-color":"var(--ast-global-color-5)","background-image":"","background-repeat":"repeat","background-position":"center center","background-size":"auto","background-attachment":"scroll","background-type":"","background-media":"","overlay-type":"","overlay-color":"","overlay-opacity":"","overlay-gradient":""},"mobile":{"background-color":"var(--ast-global-color-5)","background-image":"","background-repeat":"repeat","background-position":"center center","background-size":"auto","background-attachment":"scroll","background-type":"","background-media":"","overlay-type":"","overlay-color":"","overlay-opacity":"","overlay-gradient":""}},"_joinchat":[],"footnotes":""},"class_list":["post-916","page","type-page","status-publish","hentry"],"_links":{"self":[{"href":"https:\/\/albertpereira.es\/tienda\/wp-json\/wp\/v2\/pages\/916","targetHints":{"allow":["GET"]}}],"collection":[{"href":"https:\/\/albertpereira.es\/tienda\/wp-json\/wp\/v2\/pages"}],"about":[{"href":"https:\/\/albertpereira.es\/tienda\/wp-json\/wp\/v2\/types\/page"}],"author":[{"embeddable":true,"href":"https:\/\/albertpereira.es\/tienda\/wp-json\/wp\/v2\/users\/1"}],"replies":[{"embeddable":true,"href":"https:\/\/albertpereira.es\/tienda\/wp-json\/wp\/v2\/comments?post=916"}],"version-history":[{"count":5,"href":"https:\/\/albertpereira.es\/tienda\/wp-json\/wp\/v2\/pages\/916\/revisions"}],"predecessor-version":[{"id":940,"href":"https:\/\/albertpereira.es\/tienda\/wp-json\/wp\/v2\/pages\/916\/revisions\/940"}],"wp:attachment":[{"href":"https:\/\/albertpereira.es\/tienda\/wp-json\/wp\/v2\/media?parent=916"}],"curies":[{"name":"wp","href":"https:\/\/api.w.org\/{rel}","templated":true}]}}